{"id":700,"date":"2023-01-17T20:59:49","date_gmt":"2023-01-18T02:59:49","guid":{"rendered":"https:\/\/caleb.mx\/23\/?page_id=700"},"modified":"2023-01-18T00:27:18","modified_gmt":"2023-01-18T06:27:18","slug":"conferencias","status":"publish","type":"page","link":"https:\/\/caleb.mx\/23\/conferencias\/","title":{"rendered":"Conferencias"},"content":{"rendered":"<p><img data-recalc-dims=\"1\" loading=\"lazy\" decoding=\"async\" class=\"size-large wp-image-701 alignleft\" src=\"https:\/\/i0.wp.com\/caleb.mx\/23\/wp-content\/uploads\/2023\/01\/1951E79E-3071-4E59-9440-F46724695164.jpeg?resize=696%2C400&#038;ssl=1\" alt=\"\" width=\"696\" height=\"400\" srcset=\"https:\/\/i0.wp.com\/caleb.mx\/23\/wp-content\/uploads\/2023\/01\/1951E79E-3071-4E59-9440-F46724695164-scaled.jpeg?resize=1024%2C588&amp;ssl=1 1024w, https:\/\/i0.wp.com\/caleb.mx\/23\/wp-content\/uploads\/2023\/01\/1951E79E-3071-4E59-9440-F46724695164-scaled.jpeg?resize=300%2C172&amp;ssl=1 300w, https:\/\/i0.wp.com\/caleb.mx\/23\/wp-content\/uploads\/2023\/01\/1951E79E-3071-4E59-9440-F46724695164-scaled.jpeg?resize=768%2C441&amp;ssl=1 768w, https:\/\/i0.wp.com\/caleb.mx\/23\/wp-content\/uploads\/2023\/01\/1951E79E-3071-4E59-9440-F46724695164-scaled.jpeg?resize=1536%2C882&amp;ssl=1 1536w, https:\/\/i0.wp.com\/caleb.mx\/23\/wp-content\/uploads\/2023\/01\/1951E79E-3071-4E59-9440-F46724695164-scaled.jpeg?resize=2048%2C1175&amp;ssl=1 2048w, https:\/\/i0.wp.com\/caleb.mx\/23\/wp-content\/uploads\/2023\/01\/1951E79E-3071-4E59-9440-F46724695164-scaled.jpeg?resize=150%2C86&amp;ssl=1 150w, https:\/\/i0.wp.com\/caleb.mx\/23\/wp-content\/uploads\/2023\/01\/1951E79E-3071-4E59-9440-F46724695164-scaled.jpeg?resize=696%2C399&amp;ssl=1 696w, https:\/\/i0.wp.com\/caleb.mx\/23\/wp-content\/uploads\/2023\/01\/1951E79E-3071-4E59-9440-F46724695164-scaled.jpeg?resize=1068%2C613&amp;ssl=1 1068w, https:\/\/i0.wp.com\/caleb.mx\/23\/wp-content\/uploads\/2023\/01\/1951E79E-3071-4E59-9440-F46724695164-scaled.jpeg?resize=1920%2C1102&amp;ssl=1 1920w, https:\/\/i0.wp.com\/caleb.mx\/23\/wp-content\/uploads\/2023\/01\/1951E79E-3071-4E59-9440-F46724695164-scaled.jpeg?w=1392&amp;ssl=1 1392w\" sizes=\"auto, (max-width: 696px) 100vw, 696px\" \/><br \/>\nDesde el momento que Caleb suba al escenario con su energ\u00eda y pasi\u00f3n, entender\u00e1s que hay un \u201cclick\u201d con la audiencia, no es un conferencista com\u00fan, algunos lo llaman \u201cel predicador sin religi\u00f3n\u201d, es un motivador por inercia, pero sin mensajes melosos o comunes.<\/p>\n<p><img data-recalc-dims=\"1\" loading=\"lazy\" decoding=\"async\" class=\"alignleft size-large wp-image-703\" src=\"https:\/\/i0.wp.com\/caleb.mx\/23\/wp-content\/uploads\/2023\/01\/F1367C7B-A4EA-48D6-BA77-EDA272FA9130-1024x679.jpeg?resize=696%2C462&#038;ssl=1\" alt=\"\" width=\"696\" height=\"462\" srcset=\"https:\/\/i0.wp.com\/caleb.mx\/23\/wp-content\/uploads\/2023\/01\/F1367C7B-A4EA-48D6-BA77-EDA272FA9130-scaled.jpeg?resize=1024%2C679&amp;ssl=1 1024w, https:\/\/i0.wp.com\/caleb.mx\/23\/wp-content\/uploads\/2023\/01\/F1367C7B-A4EA-48D6-BA77-EDA272FA9130-scaled.jpeg?resize=300%2C199&amp;ssl=1 300w, https:\/\/i0.wp.com\/caleb.mx\/23\/wp-content\/uploads\/2023\/01\/F1367C7B-A4EA-48D6-BA77-EDA272FA9130-scaled.jpeg?resize=768%2C510&amp;ssl=1 768w, https:\/\/i0.wp.com\/caleb.mx\/23\/wp-content\/uploads\/2023\/01\/F1367C7B-A4EA-48D6-BA77-EDA272FA9130-scaled.jpeg?resize=1536%2C1019&amp;ssl=1 1536w, https:\/\/i0.wp.com\/caleb.mx\/23\/wp-content\/uploads\/2023\/01\/F1367C7B-A4EA-48D6-BA77-EDA272FA9130-scaled.jpeg?resize=2048%2C1359&amp;ssl=1 2048w, https:\/\/i0.wp.com\/caleb.mx\/23\/wp-content\/uploads\/2023\/01\/F1367C7B-A4EA-48D6-BA77-EDA272FA9130-scaled.jpeg?resize=150%2C100&amp;ssl=1 150w, https:\/\/i0.wp.com\/caleb.mx\/23\/wp-content\/uploads\/2023\/01\/F1367C7B-A4EA-48D6-BA77-EDA272FA9130-scaled.jpeg?resize=696%2C462&amp;ssl=1 696w, https:\/\/i0.wp.com\/caleb.mx\/23\/wp-content\/uploads\/2023\/01\/F1367C7B-A4EA-48D6-BA77-EDA272FA9130-scaled.jpeg?resize=1068%2C709&amp;ssl=1 1068w, https:\/\/i0.wp.com\/caleb.mx\/23\/wp-content\/uploads\/2023\/01\/F1367C7B-A4EA-48D6-BA77-EDA272FA9130-scaled.jpeg?resize=1920%2C1274&amp;ssl=1 1920w, https:\/\/i0.wp.com\/caleb.mx\/23\/wp-content\/uploads\/2023\/01\/F1367C7B-A4EA-48D6-BA77-EDA272FA9130-scaled.jpeg?w=1392&amp;ssl=1 1392w\" sizes=\"auto, (max-width: 696px) 100vw, 696px\" \/><\/p>\n<p>Su mensaje siempre tiene sustento cient\u00edfico y reta al auditorio a abrir su mente a nuevas formas de pensar. El mensaje es claro y fuerte; habla con autoridad de temas que son para todos importantes y deja t\u00e9cnicas sencillas para poder llevar<br \/>\ncabo cambios inmediatos.<\/p>\n<p><img data-recalc-dims=\"1\" loading=\"lazy\" decoding=\"async\" class=\"alignright size-large wp-image-706\" src=\"https:\/\/i0.wp.com\/caleb.mx\/23\/wp-content\/uploads\/2023\/01\/24D10BD6-EC3C-4A59-8C88-250089A3F8F3.jpeg?resize=696%2C522&#038;ssl=1\" alt=\"\" width=\"696\" height=\"522\" srcset=\"https:\/\/i0.wp.com\/caleb.mx\/23\/wp-content\/uploads\/2023\/01\/24D10BD6-EC3C-4A59-8C88-250089A3F8F3-scaled.jpeg?resize=1024%2C768&amp;ssl=1 1024w, https:\/\/i0.wp.com\/caleb.mx\/23\/wp-content\/uploads\/2023\/01\/24D10BD6-EC3C-4A59-8C88-250089A3F8F3-scaled.jpeg?resize=300%2C225&amp;ssl=1 300w, https:\/\/i0.wp.com\/caleb.mx\/23\/wp-content\/uploads\/2023\/01\/24D10BD6-EC3C-4A59-8C88-250089A3F8F3-scaled.jpeg?resize=768%2C576&amp;ssl=1 768w, https:\/\/i0.wp.com\/caleb.mx\/23\/wp-content\/uploads\/2023\/01\/24D10BD6-EC3C-4A59-8C88-250089A3F8F3-scaled.jpeg?resize=1536%2C1152&amp;ssl=1 1536w, https:\/\/i0.wp.com\/caleb.mx\/23\/wp-content\/uploads\/2023\/01\/24D10BD6-EC3C-4A59-8C88-250089A3F8F3-scaled.jpeg?resize=2048%2C1536&amp;ssl=1 2048w, https:\/\/i0.wp.com\/caleb.mx\/23\/wp-content\/uploads\/2023\/01\/24D10BD6-EC3C-4A59-8C88-250089A3F8F3-scaled.jpeg?resize=150%2C113&amp;ssl=1 150w, https:\/\/i0.wp.com\/caleb.mx\/23\/wp-content\/uploads\/2023\/01\/24D10BD6-EC3C-4A59-8C88-250089A3F8F3-scaled.jpeg?resize=696%2C522&amp;ssl=1 696w, https:\/\/i0.wp.com\/caleb.mx\/23\/wp-content\/uploads\/2023\/01\/24D10BD6-EC3C-4A59-8C88-250089A3F8F3-scaled.jpeg?resize=1068%2C801&amp;ssl=1 1068w, https:\/\/i0.wp.com\/caleb.mx\/23\/wp-content\/uploads\/2023\/01\/24D10BD6-EC3C-4A59-8C88-250089A3F8F3-scaled.jpeg?resize=1920%2C1440&amp;ssl=1 1920w, https:\/\/i0.wp.com\/caleb.mx\/23\/wp-content\/uploads\/2023\/01\/24D10BD6-EC3C-4A59-8C88-250089A3F8F3-scaled.jpeg?w=1392&amp;ssl=1 1392w\" sizes=\"auto, (max-width: 696px) 100vw, 696px\" \/><br \/>\nSi buscas que tu auditorio sea impactado y no pierda atenci\u00f3n de nada, que salga de tu evento con ganas de arrasar con el mundo y cambiar su entorno: El mensaje de Caleb es justamente lo que est\u00e1s buscando. En ocasiones el p\u00fablico r\u00ede, en otras reflexiona y medita, algunos llegan a las l\u00e1grimas, pero nadie deja de sentir algo que<br \/>\ntoque sus entra\u00f1as. \u00a1Tienes que escucharlo!<br \/>\nTiene 38 a\u00f1os, pero por m\u00e1s de 17 de ellos ha impactado las vidas de m\u00e1s de un mill\u00f3n de personas con un mensaje proactivo; es una voz que ha transmitido su mensaje en distintos lugares del mundo. Sus palabras son dirigidas a la \u201cgeneraci\u00f3n que cambiar\u00e1 la historia del mundo\u201d.<\/p>\n<p><img data-recalc-dims=\"1\" loading=\"lazy\" decoding=\"async\" class=\"alignleft size-large wp-image-710\" src=\"https:\/\/i0.wp.com\/caleb.mx\/23\/wp-content\/uploads\/2023\/01\/091D4F9C-D1D5-4E02-B473-3BF256CC8A9C.jpeg?resize=696%2C444&#038;ssl=1\" alt=\"\" width=\"696\" height=\"444\" srcset=\"https:\/\/i0.wp.com\/caleb.mx\/23\/wp-content\/uploads\/2023\/01\/091D4F9C-D1D5-4E02-B473-3BF256CC8A9C-scaled.jpeg?resize=1024%2C653&amp;ssl=1 1024w, https:\/\/i0.wp.com\/caleb.mx\/23\/wp-content\/uploads\/2023\/01\/091D4F9C-D1D5-4E02-B473-3BF256CC8A9C-scaled.jpeg?resize=300%2C191&amp;ssl=1 300w, https:\/\/i0.wp.com\/caleb.mx\/23\/wp-content\/uploads\/2023\/01\/091D4F9C-D1D5-4E02-B473-3BF256CC8A9C-scaled.jpeg?resize=768%2C490&amp;ssl=1 768w, https:\/\/i0.wp.com\/caleb.mx\/23\/wp-content\/uploads\/2023\/01\/091D4F9C-D1D5-4E02-B473-3BF256CC8A9C-scaled.jpeg?resize=1536%2C979&amp;ssl=1 1536w, https:\/\/i0.wp.com\/caleb.mx\/23\/wp-content\/uploads\/2023\/01\/091D4F9C-D1D5-4E02-B473-3BF256CC8A9C-scaled.jpeg?resize=2048%2C1306&amp;ssl=1 2048w, https:\/\/i0.wp.com\/caleb.mx\/23\/wp-content\/uploads\/2023\/01\/091D4F9C-D1D5-4E02-B473-3BF256CC8A9C-scaled.jpeg?resize=150%2C96&amp;ssl=1 150w, https:\/\/i0.wp.com\/caleb.mx\/23\/wp-content\/uploads\/2023\/01\/091D4F9C-D1D5-4E02-B473-3BF256CC8A9C-scaled.jpeg?resize=696%2C444&amp;ssl=1 696w, https:\/\/i0.wp.com\/caleb.mx\/23\/wp-content\/uploads\/2023\/01\/091D4F9C-D1D5-4E02-B473-3BF256CC8A9C-scaled.jpeg?resize=1068%2C681&amp;ssl=1 1068w, https:\/\/i0.wp.com\/caleb.mx\/23\/wp-content\/uploads\/2023\/01\/091D4F9C-D1D5-4E02-B473-3BF256CC8A9C-scaled.jpeg?resize=1920%2C1224&amp;ssl=1 1920w, https:\/\/i0.wp.com\/caleb.mx\/23\/wp-content\/uploads\/2023\/01\/091D4F9C-D1D5-4E02-B473-3BF256CC8A9C-scaled.jpeg?w=1392&amp;ssl=1 1392w\" sizes=\"auto, (max-width: 696px) 100vw, 696px\" \/>Es un reto por transformar y crear un movimiento contracultural que busque una nueva especie de personas, con mentalidad triunfadora, trascendente y con destino.<\/p>\n<h1><strong>Por favor, llena el siguiente formulario:<\/strong><\/h1>\n<div class=\"wpforms-container wpforms-container-full\" id=\"wpforms-738\"><form id=\"wpforms-form-738\" class=\"wpforms-validate wpforms-form wpforms-ajax-form\" data-formid=\"738\" method=\"post\" enctype=\"multipart\/form-data\" action=\"\/23\/wp-json\/wp\/v2\/pages\/700\" data-token=\"53f429258056367bdb14ce993b7aa6dd\" data-token-time=\"1776954062\"><noscript class=\"wpforms-error-noscript\">Por favor, activa JavaScript en tu navegador para completar este formulario.<\/noscript><div class=\"wpforms-field-container\"><div id=\"wpforms-738-field_0-container\" class=\"wpforms-field wpforms-field-name\" data-field-id=\"0\"><label class=\"wpforms-field-label\">Nombre <span class=\"wpforms-required-label\">*<\/span><\/label><div class=\"wpforms-field-row wpforms-field-medium\"><div class=\"wpforms-field-row-block wpforms-first wpforms-one-half\"><input type=\"text\" id=\"wpforms-738-field_0\" class=\"wpforms-field-name-first wpforms-field-required\" name=\"wpforms[fields][0][first]\" required><label for=\"wpforms-738-field_0\" class=\"wpforms-field-sublabel after\">Nombre<\/label><\/div><div class=\"wpforms-field-row-block wpforms-one-half\"><input type=\"text\" id=\"wpforms-738-field_0-last\" class=\"wpforms-field-name-last wpforms-field-required\" name=\"wpforms[fields][0][last]\" required><label for=\"wpforms-738-field_0-last\" class=\"wpforms-field-sublabel after\">Apellidos<\/label><\/div><\/div><\/div><div id=\"wpforms-738-field_1-container\" class=\"wpforms-field wpforms-field-email\" data-field-id=\"1\"><label class=\"wpforms-field-label\" for=\"wpforms-738-field_1\">Correo electr\u00f3nico <span class=\"wpforms-required-label\">*<\/span><\/label><input type=\"email\" id=\"wpforms-738-field_1\" class=\"wpforms-field-medium wpforms-field-required\" name=\"wpforms[fields][1]\" spellcheck=\"false\" required><\/div><div id=\"wpforms-738-field_4-container\" class=\"wpforms-field wpforms-field-number\" data-field-id=\"4\"><label class=\"wpforms-field-label\" for=\"wpforms-738-field_4\">Whatsapp<\/label><input type=\"number\" id=\"wpforms-738-field_4\" class=\"wpforms-field-medium\" name=\"wpforms[fields][4]\" step=\"any\" ><\/div><div id=\"wpforms-738-field_2-container\" class=\"wpforms-field wpforms-field-textarea\" data-field-id=\"2\"><label class=\"wpforms-field-label\" for=\"wpforms-738-field_2\">Datos de la conferencia que se planea<\/label><textarea id=\"wpforms-738-field_2\" class=\"wpforms-field-medium\" name=\"wpforms[fields][2]\" ><\/textarea><\/div><div id=\"wpforms-738-field_3-container\" class=\"wpforms-field wpforms-field-checkbox wpforms-list-inline\" data-field-id=\"3\"><label class=\"wpforms-field-label\">Casillas de verificaci\u00f3n <span class=\"wpforms-required-label\">*<\/span><\/label><ul id=\"wpforms-738-field_3\" class=\"wpforms-field-required wpforms-icon-choices wpforms-icon-choices-default wpforms-icon-choices-large\" style=\"--wpforms-icon-choices-color: #0399ed;\"><li class=\"choice-1 depth-1 wpforms-icon-choices-item\"><label class=\"wpforms-field-label-inline\" for=\"wpforms-738-field_3_1\">\n\t\t\t\t<span class=\"wpforms-icon-choices-icon\">\n\t\t\t\t\t<svg xmlns=\"http:\/\/www.w3.org\/2000\/svg\" width=\"80\" height=\"64\" viewBox=\"0 0 512 512\"><!--! Font Awesome Free 6.2.1 by @fontawesome - https:\/\/fontawesome.com License - https:\/\/fontawesome.com\/license\/free (Icons: CC BY 4.0, Fonts: SIL OFL 1.1, Code: MIT License) Copyright 2022 Fonticons, Inc. --><path d=\"M256 352C293.2 352 319.2 334.5 334.4 318.1C343.3 308.4 358.5 307.7 368.3 316.7C378 325.7 378.6 340.9 369.6 350.6C347.7 374.5 309.7 400 256 400C202.3 400 164.3 374.5 142.4 350.6C133.4 340.9 133.1 325.7 143.7 316.7C153.5 307.7 168.7 308.4 177.6 318.1C192.8 334.5 218.8 352 256 352zM208.4 208C208.4 225.7 194 240 176.4 240C158.7 240 144.4 225.7 144.4 208C144.4 190.3 158.7 176 176.4 176C194 176 208.4 190.3 208.4 208zM304.4 208C304.4 190.3 318.7 176 336.4 176C354 176 368.4 190.3 368.4 208C368.4 225.7 354 240 336.4 240C318.7 240 304.4 225.7 304.4 208zM512 256C512 397.4 397.4 512 256 512C114.6 512 0 397.4 0 256C0 114.6 114.6 0 256 0C397.4 0 512 114.6 512 256zM256 48C141.1 48 48 141.1 48 256C48 370.9 141.1 464 256 464C370.9 464 464 370.9 464 256C464 141.1 370.9 48 256 48z\"\/><\/svg>\n\t\t\t\t\t<span class=\"wpforms-icon-choices-icon-bg\"><\/span>\n\t\t\t\t<\/span>\n\t\t\t\t<input type=\"checkbox\" id=\"wpforms-738-field_3_1\" class=\"wpforms-screen-reader-element\" name=\"wpforms[fields][3][]\" value=\"Primera opci\u00f3n\" required >\n\t\t\t\t<span class=\"wpforms-icon-choices-label\">Primera opci\u00f3n<\/span>\n\t\t\t<\/label><\/li><\/ul><\/div><\/div><!-- .wpforms-field-container --><div class=\"wpforms-submit-container\" ><input type=\"hidden\" name=\"wpforms[id]\" value=\"738\"><input type=\"hidden\" name=\"page_title\" value=\"\"><input type=\"hidden\" name=\"page_url\" value=\"https:\/\/caleb.mx\/23\/wp-json\/wp\/v2\/pages\/700\"><input type=\"hidden\" name=\"url_referer\" value=\"\"><button type=\"submit\" name=\"wpforms[submit]\" id=\"wpforms-submit-738\" class=\"wpforms-submit\" data-alt-text=\"Enviando...\" data-submit-text=\"Enviar\" aria-live=\"assertive\" value=\"wpforms-submit\">Enviar<\/button><img loading=\"lazy\" decoding=\"async\" src=\"https:\/\/caleb.mx\/23\/wp-content\/plugins\/wpforms-lite\/assets\/images\/submit-spin.svg\" class=\"wpforms-submit-spinner\" style=\"display: none;\" width=\"26\" height=\"26\" alt=\"Cargando\"><\/div><\/form><\/div>  <!-- .wpforms-container -->\n<p>O env\u00edanos un correo a caleb@caleb.mx o un WhatsApp al +525539751258<\/p>\n<p><img data-recalc-dims=\"1\" loading=\"lazy\" decoding=\"async\" class=\"aligncenter size-large wp-image-711\" src=\"https:\/\/i0.wp.com\/caleb.mx\/23\/wp-content\/uploads\/2023\/01\/402DE53C-019D-48B7-B0A4-895B98879652.jpeg?resize=696%2C207&#038;ssl=1\" alt=\"\" width=\"696\" height=\"207\" srcset=\"https:\/\/i0.wp.com\/caleb.mx\/23\/wp-content\/uploads\/2023\/01\/402DE53C-019D-48B7-B0A4-895B98879652-scaled.jpeg?resize=1024%2C305&amp;ssl=1 1024w, https:\/\/i0.wp.com\/caleb.mx\/23\/wp-content\/uploads\/2023\/01\/402DE53C-019D-48B7-B0A4-895B98879652-scaled.jpeg?resize=300%2C89&amp;ssl=1 300w, https:\/\/i0.wp.com\/caleb.mx\/23\/wp-content\/uploads\/2023\/01\/402DE53C-019D-48B7-B0A4-895B98879652-scaled.jpeg?resize=768%2C229&amp;ssl=1 768w, https:\/\/i0.wp.com\/caleb.mx\/23\/wp-content\/uploads\/2023\/01\/402DE53C-019D-48B7-B0A4-895B98879652-scaled.jpeg?resize=1536%2C458&amp;ssl=1 1536w, https:\/\/i0.wp.com\/caleb.mx\/23\/wp-content\/uploads\/2023\/01\/402DE53C-019D-48B7-B0A4-895B98879652-scaled.jpeg?resize=2048%2C611&amp;ssl=1 2048w, https:\/\/i0.wp.com\/caleb.mx\/23\/wp-content\/uploads\/2023\/01\/402DE53C-019D-48B7-B0A4-895B98879652-scaled.jpeg?resize=150%2C45&amp;ssl=1 150w, https:\/\/i0.wp.com\/caleb.mx\/23\/wp-content\/uploads\/2023\/01\/402DE53C-019D-48B7-B0A4-895B98879652-scaled.jpeg?resize=696%2C208&amp;ssl=1 696w, https:\/\/i0.wp.com\/caleb.mx\/23\/wp-content\/uploads\/2023\/01\/402DE53C-019D-48B7-B0A4-895B98879652-scaled.jpeg?resize=1068%2C318&amp;ssl=1 1068w, https:\/\/i0.wp.com\/caleb.mx\/23\/wp-content\/uploads\/2023\/01\/402DE53C-019D-48B7-B0A4-895B98879652-scaled.jpeg?resize=1920%2C572&amp;ssl=1 1920w, https:\/\/i0.wp.com\/caleb.mx\/23\/wp-content\/uploads\/2023\/01\/402DE53C-019D-48B7-B0A4-895B98879652-scaled.jpeg?w=1392&amp;ssl=1 1392w\" sizes=\"auto, (max-width: 696px) 100vw, 696px\" \/><\/p>\n","protected":false},"excerpt":{"rendered":"<p>Desde el momento que Caleb suba al escenario con su energ\u00eda y pasi\u00f3n, entender\u00e1s que hay un \u201cclick\u201d con la audiencia, no es un conferencista com\u00fan, algunos lo llaman \u201cel predicador sin religi\u00f3n\u201d, es un motivador por inercia, pero sin mensajes melosos o comunes. Su mensaje siempre tiene sustento cient\u00edfico y reta al auditorio a [&hellip;]<\/p>\n","protected":false},"author":1,"featured_media":707,"parent":0,"menu_order":0,"comment_status":"closed","ping_status":"closed","template":"","meta":{"nf_dc_page":"","om_disable_all_campaigns":false,"footnotes":""},"class_list":["post-700","page","type-page","status-publish","has-post-thumbnail"],"yoast_head":"<!-- This site is optimized with the Yoast SEO plugin v27.4 - https:\/\/yoast.com\/product\/yoast-seo-wordpress\/ -->\n<title>Conferencias - Caleb.mx<\/title>\n<meta name=\"robots\" content=\"index, follow, max-snippet:-1, max-image-preview:large, max-video-preview:-1\" \/>\n<link rel=\"canonical\" href=\"https:\/\/caleb.mx\/23\/conferencias\/\" \/>\n<meta property=\"og:locale\" content=\"es_ES\" \/>\n<meta property=\"og:type\" content=\"article\" \/>\n<meta property=\"og:title\" content=\"Conferencias - Caleb.mx\" \/>\n<meta property=\"og:description\" content=\"Desde el momento que Caleb suba al escenario con su energ\u00eda y pasi\u00f3n, entender\u00e1s que hay un \u201cclick\u201d con la audiencia, no es un conferencista com\u00fan, algunos lo llaman \u201cel predicador sin religi\u00f3n\u201d, es un motivador por inercia, pero sin mensajes melosos o comunes. Su mensaje siempre tiene sustento cient\u00edfico y reta al auditorio a [&hellip;]\" \/>\n<meta property=\"og:url\" content=\"https:\/\/caleb.mx\/23\/conferencias\/\" \/>\n<meta property=\"og:site_name\" content=\"Caleb.mx\" \/>\n<meta property=\"article:modified_time\" content=\"2023-01-18T06:27:18+00:00\" \/>\n<meta property=\"og:image\" content=\"https:\/\/caleb.mx\/23\/wp-content\/uploads\/2023\/01\/6ACBD718-1D51-4C4A-9B4B-A8CD5D069576.jpeg\" \/>\n\t<meta property=\"og:image:width\" content=\"1112\" \/>\n\t<meta property=\"og:image:height\" content=\"1208\" \/>\n\t<meta property=\"og:image:type\" content=\"image\/jpeg\" \/>\n<meta name=\"twitter:card\" content=\"summary_large_image\" \/>\n<meta name=\"twitter:label1\" content=\"Tiempo de lectura\" \/>\n\t<meta name=\"twitter:data1\" content=\"3 minutos\" \/>\n<script type=\"application\/ld+json\" class=\"yoast-schema-graph\">{\"@context\":\"https:\\\/\\\/schema.org\",\"@graph\":[{\"@type\":\"WebPage\",\"@id\":\"https:\\\/\\\/caleb.mx\\\/23\\\/conferencias\\\/\",\"url\":\"https:\\\/\\\/caleb.mx\\\/23\\\/conferencias\\\/\",\"name\":\"Conferencias - Caleb.mx\",\"isPartOf\":{\"@id\":\"https:\\\/\\\/caleb.mx\\\/23\\\/#website\"},\"primaryImageOfPage\":{\"@id\":\"https:\\\/\\\/caleb.mx\\\/23\\\/conferencias\\\/#primaryimage\"},\"image\":{\"@id\":\"https:\\\/\\\/caleb.mx\\\/23\\\/conferencias\\\/#primaryimage\"},\"thumbnailUrl\":\"https:\\\/\\\/i0.wp.com\\\/caleb.mx\\\/23\\\/wp-content\\\/uploads\\\/2023\\\/01\\\/6ACBD718-1D51-4C4A-9B4B-A8CD5D069576.jpeg?fit=1112%2C1208&ssl=1\",\"datePublished\":\"2023-01-18T02:59:49+00:00\",\"dateModified\":\"2023-01-18T06:27:18+00:00\",\"breadcrumb\":{\"@id\":\"https:\\\/\\\/caleb.mx\\\/23\\\/conferencias\\\/#breadcrumb\"},\"inLanguage\":\"es\",\"potentialAction\":[{\"@type\":\"ReadAction\",\"target\":[\"https:\\\/\\\/caleb.mx\\\/23\\\/conferencias\\\/\"]}]},{\"@type\":\"ImageObject\",\"inLanguage\":\"es\",\"@id\":\"https:\\\/\\\/caleb.mx\\\/23\\\/conferencias\\\/#primaryimage\",\"url\":\"https:\\\/\\\/i0.wp.com\\\/caleb.mx\\\/23\\\/wp-content\\\/uploads\\\/2023\\\/01\\\/6ACBD718-1D51-4C4A-9B4B-A8CD5D069576.jpeg?fit=1112%2C1208&ssl=1\",\"contentUrl\":\"https:\\\/\\\/i0.wp.com\\\/caleb.mx\\\/23\\\/wp-content\\\/uploads\\\/2023\\\/01\\\/6ACBD718-1D51-4C4A-9B4B-A8CD5D069576.jpeg?fit=1112%2C1208&ssl=1\",\"width\":1112,\"height\":1208},{\"@type\":\"BreadcrumbList\",\"@id\":\"https:\\\/\\\/caleb.mx\\\/23\\\/conferencias\\\/#breadcrumb\",\"itemListElement\":[{\"@type\":\"ListItem\",\"position\":1,\"name\":\"Home\",\"item\":\"https:\\\/\\\/caleb.mx\\\/23\\\/\"},{\"@type\":\"ListItem\",\"position\":2,\"name\":\"Conferencias\"}]},{\"@type\":\"WebSite\",\"@id\":\"https:\\\/\\\/caleb.mx\\\/23\\\/#website\",\"url\":\"https:\\\/\\\/caleb.mx\\\/23\\\/\",\"name\":\"Caleb.mx\",\"description\":\"Caleb Ord\u00f3\u00f1ez Talavera\",\"potentialAction\":[{\"@type\":\"SearchAction\",\"target\":{\"@type\":\"EntryPoint\",\"urlTemplate\":\"https:\\\/\\\/caleb.mx\\\/23\\\/?s={search_term_string}\"},\"query-input\":{\"@type\":\"PropertyValueSpecification\",\"valueRequired\":true,\"valueName\":\"search_term_string\"}}],\"inLanguage\":\"es\"}]}<\/script>\n<!-- \/ Yoast SEO plugin. -->","yoast_head_json":{"title":"Conferencias - Caleb.mx","robots":{"index":"index","follow":"follow","max-snippet":"max-snippet:-1","max-image-preview":"max-image-preview:large","max-video-preview":"max-video-preview:-1"},"canonical":"https:\/\/caleb.mx\/23\/conferencias\/","og_locale":"es_ES","og_type":"article","og_title":"Conferencias - Caleb.mx","og_description":"Desde el momento que Caleb suba al escenario con su energ\u00eda y pasi\u00f3n, entender\u00e1s que hay un \u201cclick\u201d con la audiencia, no es un conferencista com\u00fan, algunos lo llaman \u201cel predicador sin religi\u00f3n\u201d, es un motivador por inercia, pero sin mensajes melosos o comunes. Su mensaje siempre tiene sustento cient\u00edfico y reta al auditorio a [&hellip;]","og_url":"https:\/\/caleb.mx\/23\/conferencias\/","og_site_name":"Caleb.mx","article_modified_time":"2023-01-18T06:27:18+00:00","og_image":[{"width":1112,"height":1208,"url":"https:\/\/caleb.mx\/23\/wp-content\/uploads\/2023\/01\/6ACBD718-1D51-4C4A-9B4B-A8CD5D069576.jpeg","type":"image\/jpeg"}],"twitter_card":"summary_large_image","twitter_misc":{"Tiempo de lectura":"3 minutos"},"schema":{"@context":"https:\/\/schema.org","@graph":[{"@type":"WebPage","@id":"https:\/\/caleb.mx\/23\/conferencias\/","url":"https:\/\/caleb.mx\/23\/conferencias\/","name":"Conferencias - Caleb.mx","isPartOf":{"@id":"https:\/\/caleb.mx\/23\/#website"},"primaryImageOfPage":{"@id":"https:\/\/caleb.mx\/23\/conferencias\/#primaryimage"},"image":{"@id":"https:\/\/caleb.mx\/23\/conferencias\/#primaryimage"},"thumbnailUrl":"https:\/\/i0.wp.com\/caleb.mx\/23\/wp-content\/uploads\/2023\/01\/6ACBD718-1D51-4C4A-9B4B-A8CD5D069576.jpeg?fit=1112%2C1208&ssl=1","datePublished":"2023-01-18T02:59:49+00:00","dateModified":"2023-01-18T06:27:18+00:00","breadcrumb":{"@id":"https:\/\/caleb.mx\/23\/conferencias\/#breadcrumb"},"inLanguage":"es","potentialAction":[{"@type":"ReadAction","target":["https:\/\/caleb.mx\/23\/conferencias\/"]}]},{"@type":"ImageObject","inLanguage":"es","@id":"https:\/\/caleb.mx\/23\/conferencias\/#primaryimage","url":"https:\/\/i0.wp.com\/caleb.mx\/23\/wp-content\/uploads\/2023\/01\/6ACBD718-1D51-4C4A-9B4B-A8CD5D069576.jpeg?fit=1112%2C1208&ssl=1","contentUrl":"https:\/\/i0.wp.com\/caleb.mx\/23\/wp-content\/uploads\/2023\/01\/6ACBD718-1D51-4C4A-9B4B-A8CD5D069576.jpeg?fit=1112%2C1208&ssl=1","width":1112,"height":1208},{"@type":"BreadcrumbList","@id":"https:\/\/caleb.mx\/23\/conferencias\/#breadcrumb","itemListElement":[{"@type":"ListItem","position":1,"name":"Home","item":"https:\/\/caleb.mx\/23\/"},{"@type":"ListItem","position":2,"name":"Conferencias"}]},{"@type":"WebSite","@id":"https:\/\/caleb.mx\/23\/#website","url":"https:\/\/caleb.mx\/23\/","name":"Caleb.mx","description":"Caleb Ord\u00f3\u00f1ez Talavera","potentialAction":[{"@type":"SearchAction","target":{"@type":"EntryPoint","urlTemplate":"https:\/\/caleb.mx\/23\/?s={search_term_string}"},"query-input":{"@type":"PropertyValueSpecification","valueRequired":true,"valueName":"search_term_string"}}],"inLanguage":"es"}]}},"jetpack_sharing_enabled":true,"_links":{"self":[{"href":"https:\/\/caleb.mx\/23\/wp-json\/wp\/v2\/pages\/700","targetHints":{"allow":["GET"]}}],"collection":[{"href":"https:\/\/caleb.mx\/23\/wp-json\/wp\/v2\/pages"}],"about":[{"href":"https:\/\/caleb.mx\/23\/wp-json\/wp\/v2\/types\/page"}],"author":[{"embeddable":true,"href":"https:\/\/caleb.mx\/23\/wp-json\/wp\/v2\/users\/1"}],"replies":[{"embeddable":true,"href":"https:\/\/caleb.mx\/23\/wp-json\/wp\/v2\/comments?post=700"}],"version-history":[{"count":5,"href":"https:\/\/caleb.mx\/23\/wp-json\/wp\/v2\/pages\/700\/revisions"}],"predecessor-version":[{"id":746,"href":"https:\/\/caleb.mx\/23\/wp-json\/wp\/v2\/pages\/700\/revisions\/746"}],"wp:featuredmedia":[{"embeddable":true,"href":"https:\/\/caleb.mx\/23\/wp-json\/wp\/v2\/media\/707"}],"wp:attachment":[{"href":"https:\/\/caleb.mx\/23\/wp-json\/wp\/v2\/media?parent=700"}],"curies":[{"name":"wp","href":"https:\/\/api.w.org\/{rel}","templated":true}]}}