{"id":687,"date":"2023-01-17T14:51:30","date_gmt":"2023-01-17T20:51:30","guid":{"rendered":"https:\/\/caleb.mx\/23\/?page_id=687"},"modified":"2023-01-17T15:31:44","modified_gmt":"2023-01-17T21:31:44","slug":"quien-es-caleb-ordonez","status":"publish","type":"page","link":"https:\/\/caleb.mx\/23\/quien-es-caleb-ordonez\/","title":{"rendered":"\u00bfQui\u00e9n es Caleb Ordo\u00f1ez?"},"content":{"rendered":"<p data-reader-unique-id=\"4\"><strong data-reader-unique-id=\"5\"><img data-recalc-dims=\"1\" loading=\"lazy\" decoding=\"async\" class=\"aligncenter size-full wp-image-689\" src=\"https:\/\/i0.wp.com\/caleb.mx\/23\/wp-content\/uploads\/2023\/01\/D4AFA4C9-1C3F-4535-8F6B-759575F65851-scaled.jpeg?resize=696%2C348&#038;ssl=1\" alt=\"\" width=\"696\" height=\"348\" srcset=\"https:\/\/i0.wp.com\/caleb.mx\/23\/wp-content\/uploads\/2023\/01\/D4AFA4C9-1C3F-4535-8F6B-759575F65851-scaled.jpeg?w=2560&amp;ssl=1 2560w, https:\/\/i0.wp.com\/caleb.mx\/23\/wp-content\/uploads\/2023\/01\/D4AFA4C9-1C3F-4535-8F6B-759575F65851-scaled.jpeg?resize=300%2C150&amp;ssl=1 300w, https:\/\/i0.wp.com\/caleb.mx\/23\/wp-content\/uploads\/2023\/01\/D4AFA4C9-1C3F-4535-8F6B-759575F65851-scaled.jpeg?resize=1024%2C512&amp;ssl=1 1024w, https:\/\/i0.wp.com\/caleb.mx\/23\/wp-content\/uploads\/2023\/01\/D4AFA4C9-1C3F-4535-8F6B-759575F65851-scaled.jpeg?resize=768%2C384&amp;ssl=1 768w, https:\/\/i0.wp.com\/caleb.mx\/23\/wp-content\/uploads\/2023\/01\/D4AFA4C9-1C3F-4535-8F6B-759575F65851-scaled.jpeg?resize=1536%2C768&amp;ssl=1 1536w, https:\/\/i0.wp.com\/caleb.mx\/23\/wp-content\/uploads\/2023\/01\/D4AFA4C9-1C3F-4535-8F6B-759575F65851-scaled.jpeg?resize=2048%2C1024&amp;ssl=1 2048w, https:\/\/i0.wp.com\/caleb.mx\/23\/wp-content\/uploads\/2023\/01\/D4AFA4C9-1C3F-4535-8F6B-759575F65851-scaled.jpeg?resize=150%2C75&amp;ssl=1 150w, https:\/\/i0.wp.com\/caleb.mx\/23\/wp-content\/uploads\/2023\/01\/D4AFA4C9-1C3F-4535-8F6B-759575F65851-scaled.jpeg?resize=696%2C348&amp;ssl=1 696w, https:\/\/i0.wp.com\/caleb.mx\/23\/wp-content\/uploads\/2023\/01\/D4AFA4C9-1C3F-4535-8F6B-759575F65851-scaled.jpeg?resize=1068%2C534&amp;ssl=1 1068w, https:\/\/i0.wp.com\/caleb.mx\/23\/wp-content\/uploads\/2023\/01\/D4AFA4C9-1C3F-4535-8F6B-759575F65851-scaled.jpeg?resize=1920%2C960&amp;ssl=1 1920w, https:\/\/i0.wp.com\/caleb.mx\/23\/wp-content\/uploads\/2023\/01\/D4AFA4C9-1C3F-4535-8F6B-759575F65851-scaled.jpeg?w=1392&amp;ssl=1 1392w\" sizes=\"auto, (max-width: 696px) 100vw, 696px\" \/>Caleb Ord\u00f3\u00f1ez Talavera<\/strong>\u00a0naci\u00f3 el 10 de Mayo de 1984. Es un periodista y comunicador mexicano.<\/p>\n<p data-reader-unique-id=\"6\">Ha colaborado en los peri\u00f3dicos mexicanos m\u00e1s importantes como el diario nacional El Universal, la Organizaci\u00f3n Editorial Mexicana, Proyecto 40 (ahora ADN40) y la revista Proceso, as\u00ed como co-conductor del programa Frente a Frente en Tv Azteca y Radio f\u00f3rmula.<\/p>\n<p data-reader-unique-id=\"7\">Ha sido corresponsal en temas de sociedad y seguridad para la cadena BBC londinense y editorialista en CNN Expansi\u00f3n. Ha participado en foros nacionales e internacionales y su mensaje ha sido escuchado por m\u00e1s de un mill\u00f3n j\u00f3venes en diferentes partes del mundo.<\/p>\n<p data-reader-unique-id=\"8\">Fue delegado efectivo en la UNESCO, representando a M\u00e9xico en la mesa de juventud.<\/p>\n<p data-reader-unique-id=\"9\">Estudi\u00f3 derecho en la Universidad Aut\u00f3noma de Chihuahua y se especializ\u00f3 en \u201cperiodismo digital y redes sociales\u201d por la Universidad Complutense de Madrid. Actualmente es director general de la empresa ImaginaZion comunicaciones.<\/p>\n<p data-reader-unique-id=\"10\">Es uno de los comentaristas pol\u00edticos m\u00e1s influyentes en medios nacionales.<\/p>\n<p data-reader-unique-id=\"11\">Escribe sus columnas semanales en Expansi\u00f3n Pol\u00edtica, Medio Tiempo y Segundo a Segundo.<\/p>\n","protected":false},"excerpt":{"rendered":"<p>Caleb Ord\u00f3\u00f1ez Talavera\u00a0naci\u00f3 el 10 de Mayo de 1984. Es un periodista y comunicador mexicano. Ha colaborado en los peri\u00f3dicos mexicanos m\u00e1s importantes como el diario nacional El Universal, la Organizaci\u00f3n Editorial Mexicana, Proyecto 40 (ahora ADN40) y la revista Proceso, as\u00ed como co-conductor del programa Frente a Frente en Tv Azteca y Radio f\u00f3rmula. [&hellip;]<\/p>\n","protected":false},"author":1,"featured_media":688,"parent":0,"menu_order":0,"comment_status":"closed","ping_status":"closed","template":"","meta":{"nf_dc_page":"","om_disable_all_campaigns":false,"footnotes":""},"class_list":["post-687","page","type-page","status-publish","has-post-thumbnail"],"yoast_head":"<!-- This site is optimized with the Yoast SEO plugin v27.4 - https:\/\/yoast.com\/product\/yoast-seo-wordpress\/ -->\n<title>\u00bfQui\u00e9n es Caleb Ordo\u00f1ez? - Caleb.mx<\/title>\n<meta name=\"robots\" content=\"index, follow, max-snippet:-1, max-image-preview:large, max-video-preview:-1\" \/>\n<link rel=\"canonical\" href=\"https:\/\/caleb.mx\/23\/quien-es-caleb-ordonez\/\" \/>\n<meta property=\"og:locale\" content=\"es_ES\" \/>\n<meta property=\"og:type\" content=\"article\" \/>\n<meta property=\"og:title\" content=\"\u00bfQui\u00e9n es Caleb Ordo\u00f1ez? - Caleb.mx\" \/>\n<meta property=\"og:description\" content=\"Caleb Ord\u00f3\u00f1ez Talavera\u00a0naci\u00f3 el 10 de Mayo de 1984. Es un periodista y comunicador mexicano. Ha colaborado en los peri\u00f3dicos mexicanos m\u00e1s importantes como el diario nacional El Universal, la Organizaci\u00f3n Editorial Mexicana, Proyecto 40 (ahora ADN40) y la revista Proceso, as\u00ed como co-conductor del programa Frente a Frente en Tv Azteca y Radio f\u00f3rmula. [&hellip;]\" \/>\n<meta property=\"og:url\" content=\"https:\/\/caleb.mx\/23\/quien-es-caleb-ordonez\/\" \/>\n<meta property=\"og:site_name\" content=\"Caleb.mx\" \/>\n<meta property=\"article:modified_time\" content=\"2023-01-17T21:31:44+00:00\" \/>\n<meta property=\"og:image\" content=\"https:\/\/caleb.mx\/23\/wp-content\/uploads\/2023\/01\/2AC6FF54-07E0-44EB-B64A-6A91EBF36FF5-scaled.jpeg\" \/>\n\t<meta property=\"og:image:width\" content=\"2560\" \/>\n\t<meta property=\"og:image:height\" content=\"1280\" \/>\n\t<meta property=\"og:image:type\" content=\"image\/jpeg\" \/>\n<meta name=\"twitter:card\" content=\"summary_large_image\" \/>\n<meta name=\"twitter:label1\" content=\"Tiempo de lectura\" \/>\n\t<meta name=\"twitter:data1\" content=\"1 minuto\" \/>\n<script type=\"application\/ld+json\" class=\"yoast-schema-graph\">{\"@context\":\"https:\\\/\\\/schema.org\",\"@graph\":[{\"@type\":\"WebPage\",\"@id\":\"https:\\\/\\\/caleb.mx\\\/23\\\/quien-es-caleb-ordonez\\\/\",\"url\":\"https:\\\/\\\/caleb.mx\\\/23\\\/quien-es-caleb-ordonez\\\/\",\"name\":\"\u00bfQui\u00e9n es Caleb Ordo\u00f1ez? - Caleb.mx\",\"isPartOf\":{\"@id\":\"https:\\\/\\\/caleb.mx\\\/23\\\/#website\"},\"primaryImageOfPage\":{\"@id\":\"https:\\\/\\\/caleb.mx\\\/23\\\/quien-es-caleb-ordonez\\\/#primaryimage\"},\"image\":{\"@id\":\"https:\\\/\\\/caleb.mx\\\/23\\\/quien-es-caleb-ordonez\\\/#primaryimage\"},\"thumbnailUrl\":\"https:\\\/\\\/i0.wp.com\\\/caleb.mx\\\/23\\\/wp-content\\\/uploads\\\/2023\\\/01\\\/2AC6FF54-07E0-44EB-B64A-6A91EBF36FF5-scaled.jpeg?fit=2560%2C1280&ssl=1\",\"datePublished\":\"2023-01-17T20:51:30+00:00\",\"dateModified\":\"2023-01-17T21:31:44+00:00\",\"breadcrumb\":{\"@id\":\"https:\\\/\\\/caleb.mx\\\/23\\\/quien-es-caleb-ordonez\\\/#breadcrumb\"},\"inLanguage\":\"es\",\"potentialAction\":[{\"@type\":\"ReadAction\",\"target\":[\"https:\\\/\\\/caleb.mx\\\/23\\\/quien-es-caleb-ordonez\\\/\"]}]},{\"@type\":\"ImageObject\",\"inLanguage\":\"es\",\"@id\":\"https:\\\/\\\/caleb.mx\\\/23\\\/quien-es-caleb-ordonez\\\/#primaryimage\",\"url\":\"https:\\\/\\\/i0.wp.com\\\/caleb.mx\\\/23\\\/wp-content\\\/uploads\\\/2023\\\/01\\\/2AC6FF54-07E0-44EB-B64A-6A91EBF36FF5-scaled.jpeg?fit=2560%2C1280&ssl=1\",\"contentUrl\":\"https:\\\/\\\/i0.wp.com\\\/caleb.mx\\\/23\\\/wp-content\\\/uploads\\\/2023\\\/01\\\/2AC6FF54-07E0-44EB-B64A-6A91EBF36FF5-scaled.jpeg?fit=2560%2C1280&ssl=1\",\"width\":2560,\"height\":1280},{\"@type\":\"BreadcrumbList\",\"@id\":\"https:\\\/\\\/caleb.mx\\\/23\\\/quien-es-caleb-ordonez\\\/#breadcrumb\",\"itemListElement\":[{\"@type\":\"ListItem\",\"position\":1,\"name\":\"Home\",\"item\":\"https:\\\/\\\/caleb.mx\\\/23\\\/\"},{\"@type\":\"ListItem\",\"position\":2,\"name\":\"\u00bfQui\u00e9n es Caleb Ordo\u00f1ez?\"}]},{\"@type\":\"WebSite\",\"@id\":\"https:\\\/\\\/caleb.mx\\\/23\\\/#website\",\"url\":\"https:\\\/\\\/caleb.mx\\\/23\\\/\",\"name\":\"Caleb.mx\",\"description\":\"Caleb Ord\u00f3\u00f1ez Talavera\",\"potentialAction\":[{\"@type\":\"SearchAction\",\"target\":{\"@type\":\"EntryPoint\",\"urlTemplate\":\"https:\\\/\\\/caleb.mx\\\/23\\\/?s={search_term_string}\"},\"query-input\":{\"@type\":\"PropertyValueSpecification\",\"valueRequired\":true,\"valueName\":\"search_term_string\"}}],\"inLanguage\":\"es\"}]}<\/script>\n<!-- \/ Yoast SEO plugin. -->","yoast_head_json":{"title":"\u00bfQui\u00e9n es Caleb Ordo\u00f1ez? - Caleb.mx","robots":{"index":"index","follow":"follow","max-snippet":"max-snippet:-1","max-image-preview":"max-image-preview:large","max-video-preview":"max-video-preview:-1"},"canonical":"https:\/\/caleb.mx\/23\/quien-es-caleb-ordonez\/","og_locale":"es_ES","og_type":"article","og_title":"\u00bfQui\u00e9n es Caleb Ordo\u00f1ez? - Caleb.mx","og_description":"Caleb Ord\u00f3\u00f1ez Talavera\u00a0naci\u00f3 el 10 de Mayo de 1984. Es un periodista y comunicador mexicano. Ha colaborado en los peri\u00f3dicos mexicanos m\u00e1s importantes como el diario nacional El Universal, la Organizaci\u00f3n Editorial Mexicana, Proyecto 40 (ahora ADN40) y la revista Proceso, as\u00ed como co-conductor del programa Frente a Frente en Tv Azteca y Radio f\u00f3rmula. [&hellip;]","og_url":"https:\/\/caleb.mx\/23\/quien-es-caleb-ordonez\/","og_site_name":"Caleb.mx","article_modified_time":"2023-01-17T21:31:44+00:00","og_image":[{"width":2560,"height":1280,"url":"https:\/\/caleb.mx\/23\/wp-content\/uploads\/2023\/01\/2AC6FF54-07E0-44EB-B64A-6A91EBF36FF5-scaled.jpeg","type":"image\/jpeg"}],"twitter_card":"summary_large_image","twitter_misc":{"Tiempo de lectura":"1 minuto"},"schema":{"@context":"https:\/\/schema.org","@graph":[{"@type":"WebPage","@id":"https:\/\/caleb.mx\/23\/quien-es-caleb-ordonez\/","url":"https:\/\/caleb.mx\/23\/quien-es-caleb-ordonez\/","name":"\u00bfQui\u00e9n es Caleb Ordo\u00f1ez? - Caleb.mx","isPartOf":{"@id":"https:\/\/caleb.mx\/23\/#website"},"primaryImageOfPage":{"@id":"https:\/\/caleb.mx\/23\/quien-es-caleb-ordonez\/#primaryimage"},"image":{"@id":"https:\/\/caleb.mx\/23\/quien-es-caleb-ordonez\/#primaryimage"},"thumbnailUrl":"https:\/\/i0.wp.com\/caleb.mx\/23\/wp-content\/uploads\/2023\/01\/2AC6FF54-07E0-44EB-B64A-6A91EBF36FF5-scaled.jpeg?fit=2560%2C1280&ssl=1","datePublished":"2023-01-17T20:51:30+00:00","dateModified":"2023-01-17T21:31:44+00:00","breadcrumb":{"@id":"https:\/\/caleb.mx\/23\/quien-es-caleb-ordonez\/#breadcrumb"},"inLanguage":"es","potentialAction":[{"@type":"ReadAction","target":["https:\/\/caleb.mx\/23\/quien-es-caleb-ordonez\/"]}]},{"@type":"ImageObject","inLanguage":"es","@id":"https:\/\/caleb.mx\/23\/quien-es-caleb-ordonez\/#primaryimage","url":"https:\/\/i0.wp.com\/caleb.mx\/23\/wp-content\/uploads\/2023\/01\/2AC6FF54-07E0-44EB-B64A-6A91EBF36FF5-scaled.jpeg?fit=2560%2C1280&ssl=1","contentUrl":"https:\/\/i0.wp.com\/caleb.mx\/23\/wp-content\/uploads\/2023\/01\/2AC6FF54-07E0-44EB-B64A-6A91EBF36FF5-scaled.jpeg?fit=2560%2C1280&ssl=1","width":2560,"height":1280},{"@type":"BreadcrumbList","@id":"https:\/\/caleb.mx\/23\/quien-es-caleb-ordonez\/#breadcrumb","itemListElement":[{"@type":"ListItem","position":1,"name":"Home","item":"https:\/\/caleb.mx\/23\/"},{"@type":"ListItem","position":2,"name":"\u00bfQui\u00e9n es Caleb Ordo\u00f1ez?"}]},{"@type":"WebSite","@id":"https:\/\/caleb.mx\/23\/#website","url":"https:\/\/caleb.mx\/23\/","name":"Caleb.mx","description":"Caleb Ord\u00f3\u00f1ez Talavera","potentialAction":[{"@type":"SearchAction","target":{"@type":"EntryPoint","urlTemplate":"https:\/\/caleb.mx\/23\/?s={search_term_string}"},"query-input":{"@type":"PropertyValueSpecification","valueRequired":true,"valueName":"search_term_string"}}],"inLanguage":"es"}]}},"jetpack_sharing_enabled":true,"_links":{"self":[{"href":"https:\/\/caleb.mx\/23\/wp-json\/wp\/v2\/pages\/687","targetHints":{"allow":["GET"]}}],"collection":[{"href":"https:\/\/caleb.mx\/23\/wp-json\/wp\/v2\/pages"}],"about":[{"href":"https:\/\/caleb.mx\/23\/wp-json\/wp\/v2\/types\/page"}],"author":[{"embeddable":true,"href":"https:\/\/caleb.mx\/23\/wp-json\/wp\/v2\/users\/1"}],"replies":[{"embeddable":true,"href":"https:\/\/caleb.mx\/23\/wp-json\/wp\/v2\/comments?post=687"}],"version-history":[{"count":4,"href":"https:\/\/caleb.mx\/23\/wp-json\/wp\/v2\/pages\/687\/revisions"}],"predecessor-version":[{"id":695,"href":"https:\/\/caleb.mx\/23\/wp-json\/wp\/v2\/pages\/687\/revisions\/695"}],"wp:featuredmedia":[{"embeddable":true,"href":"https:\/\/caleb.mx\/23\/wp-json\/wp\/v2\/media\/688"}],"wp:attachment":[{"href":"https:\/\/caleb.mx\/23\/wp-json\/wp\/v2\/media?parent=687"}],"curies":[{"name":"wp","href":"https:\/\/api.w.org\/{rel}","templated":true}]}}